{"id":899,"date":"2025-12-09T09:34:35","date_gmt":"2025-12-09T08:34:35","guid":{"rendered":"https:\/\/lucernepizza.dk\/?post_type=product&#038;p=899"},"modified":"2025-12-09T09:37:42","modified_gmt":"2025-12-09T08:37:42","slug":"gron-salat","status":"publish","type":"product","link":"https:\/\/lucernepizza.dk\/en\/product\/gron-salat\/","title":{"rendered":"Gr\u00f8n Salat"},"content":{"rendered":"<p>72. Gr\u00f8n Salat Med blandede gr\u00f8ntsager<\/p>\n","protected":false},"excerpt":{"rendered":"<p>72. Gr\u00f8n Salat Med blandede gr\u00f8ntsager<\/p>\n","protected":false},"featured_media":247,"comment_status":"open","ping_status":"closed","template":"","meta":[],"product_brand":[],"product_cat":[56],"product_tag":[58],"class_list":{"0":"post-899","1":"product","2":"type-product","3":"status-publish","4":"has-post-thumbnail","6":"product_cat-salater","7":"product_tag-salad-2","9":"first","10":"instock","11":"taxable","12":"shipping-taxable","13":"purchasable","14":"product-type-simple"},"_links":{"self":[{"href":"https:\/\/lucernepizza.dk\/en\/wp-json\/wp\/v2\/product\/899","targetHints":{"allow":["GET"]}}],"collection":[{"href":"https:\/\/lucernepizza.dk\/en\/wp-json\/wp\/v2\/product"}],"about":[{"href":"https:\/\/lucernepizza.dk\/en\/wp-json\/wp\/v2\/types\/product"}],"replies":[{"embeddable":true,"href":"https:\/\/lucernepizza.dk\/en\/wp-json\/wp\/v2\/comments?post=899"}],"wp:featuredmedia":[{"embeddable":true,"href":"https:\/\/lucernepizza.dk\/en\/wp-json\/wp\/v2\/media\/247"}],"wp:attachment":[{"href":"https:\/\/lucernepizza.dk\/en\/wp-json\/wp\/v2\/media?parent=899"}],"wp:term":[{"taxonomy":"product_brand","embeddable":true,"href":"https:\/\/lucernepizza.dk\/en\/wp-json\/wp\/v2\/product_brand?post=899"},{"taxonomy":"product_cat","embeddable":true,"href":"https:\/\/lucernepizza.dk\/en\/wp-json\/wp\/v2\/product_cat?post=899"},{"taxonomy":"product_tag","embeddable":true,"href":"https:\/\/lucernepizza.dk\/en\/wp-json\/wp\/v2\/product_tag?post=899"}],"curies":[{"name":"wp","href":"https:\/\/api.w.org\/{rel}","templated":true}]}}