{"id":320,"date":"2025-11-18T11:18:11","date_gmt":"2025-11-18T10:18:11","guid":{"rendered":"https:\/\/lucernepizza.dk\/?post_type=product&#038;p=320"},"modified":"2026-03-13T10:05:59","modified_gmt":"2026-03-13T09:05:59","slug":"sorrento","status":"publish","type":"product","link":"https:\/\/lucernepizza.dk\/en\/product\/sorrento\/","title":{"rendered":"Sorrento"},"content":{"rendered":"<p>26. Sorrento<\/p>\n","protected":false},"excerpt":{"rendered":"<p>Med tomat, ost, P\u00f8lser, \u00e6g, l\u00f8g, chili og hvidl\u00f8g<\/p>\n","protected":false},"featured_media":1352,"comment_status":"open","ping_status":"closed","template":"","meta":[],"product_brand":[],"product_cat":[17],"product_tag":[18,149],"class_list":{"0":"post-320","1":"product","2":"type-product","3":"status-publish","4":"has-post-thumbnail","6":"product_cat-italiensk-pizza","7":"product_tag-pizza","8":"product_tag-kod","10":"first","11":"instock","12":"taxable","13":"shipping-taxable","14":"purchasable","15":"product-type-simple"},"_links":{"self":[{"href":"https:\/\/lucernepizza.dk\/en\/wp-json\/wp\/v2\/product\/320","targetHints":{"allow":["GET"]}}],"collection":[{"href":"https:\/\/lucernepizza.dk\/en\/wp-json\/wp\/v2\/product"}],"about":[{"href":"https:\/\/lucernepizza.dk\/en\/wp-json\/wp\/v2\/types\/product"}],"replies":[{"embeddable":true,"href":"https:\/\/lucernepizza.dk\/en\/wp-json\/wp\/v2\/comments?post=320"}],"wp:featuredmedia":[{"embeddable":true,"href":"https:\/\/lucernepizza.dk\/en\/wp-json\/wp\/v2\/media\/1352"}],"wp:attachment":[{"href":"https:\/\/lucernepizza.dk\/en\/wp-json\/wp\/v2\/media?parent=320"}],"wp:term":[{"taxonomy":"product_brand","embeddable":true,"href":"https:\/\/lucernepizza.dk\/en\/wp-json\/wp\/v2\/product_brand?post=320"},{"taxonomy":"product_cat","embeddable":true,"href":"https:\/\/lucernepizza.dk\/en\/wp-json\/wp\/v2\/product_cat?post=320"},{"taxonomy":"product_tag","embeddable":true,"href":"https:\/\/lucernepizza.dk\/en\/wp-json\/wp\/v2\/product_tag?post=320"}],"curies":[{"name":"wp","href":"https:\/\/api.w.org\/{rel}","templated":true}]}}