{"id":636,"date":"2025-11-26T15:37:22","date_gmt":"2025-11-26T14:37:22","guid":{"rendered":"https:\/\/lucernepizza.dk\/?page_id=636"},"modified":"2025-11-26T18:19:07","modified_gmt":"2025-11-26T17:19:07","slug":"storre-ordrer-ean-betaling","status":"publish","type":"page","link":"https:\/\/lucernepizza.dk\/en\/storre-ordrer-ean-betaling\/","title":{"rendered":"St\u00f8rre ordrer &amp; EAN-betaling"},"content":{"rendered":"\t\t<div data-elementor-type=\"wp-page\" data-elementor-id=\"636\" class=\"elementor elementor-636\" data-elementor-post-type=\"page\">\n\t\t\t\t<div class=\"elementor-element elementor-element-2757597 e-flex e-con-boxed e-con e-parent\" data-id=\"2757597\" data-element_type=\"container\" data-e-type=\"container\">\n\t\t\t\t\t<div class=\"e-con-inner\">\n\t\t\t\t<div class=\"elementor-element elementor-element-dcdbd3f elementor-widget elementor-widget-rt-About-image-text\" data-id=\"dcdbd3f\" data-element_type=\"widget\" data-e-type=\"widget\" data-widget_type=\"rt-About-image-text.default\">\n\t\t\t\t<div class=\"elementor-widget-container\">\n\t\t\t\t\t<div class=\"about-image-text about-layout-style3\">\n\t<div class=\"single-item\">\n\t\t<div class=\"about-content\">\n\t\t\t\t\t\t\t\t\t\n\t\t\t<div class=\"rtin-content\"><p dir=\"auto\">Hos os er det nemt og ligetil at bestille st\u00f8rre m\u00e6ngder mad \u2013 uanset om det er til virksomheder, offentlige institutioner, kantiner, skoler, plejehjem eller arrangementer.<\/p>\n<p dir=\"auto\">Vi h\u00e5ndterer gerne b\u00e5de engangsbestillinger og faste leveringsaftaler, og vi tilpasser os jeres behov for:<\/p>\n\n<ul dir=\"auto\">\n \t<li>Faste ugentlige\/m\u00e5nedlige leveringer<\/li>\n \t<li>Specielle menuer eller di\u00e6ter (fx vegetar, glutenfri, halal)<\/li>\n \t<li>Levering p\u00e5 bestemte tidspunkter<\/li>\n \t<li>Fakturering med EAN-nummer<\/li>\n<\/ul>\n<br><p dir=\"auto\"><strong>EAN-betaling er fuldt underst\u00f8ttet<\/strong> Offentlige institutioner og virksomheder med EAN-nummer kan f\u00e5 tilsendt elektronisk faktura direkte i jeres system. Det eneste I skal g\u00f8re er at kontakte os, s\u00e5 aftaler vi detaljerne \u2013 helt uforpligtende.<\/p><\/div>\n\t\t\t\t\t\t\t\t\t<div class=\"rtin-button\"><a class=\"btn-fill-dark\" href=\"https:\/\/lucernepizza.dk\/kontakte\/\">Kontakt os<i class=\"fas fa-arrow-right\"><\/i><\/a><\/div>\n\t\t\t\t\t\t\t\t<\/div>\n\t<\/div>\n\t<div class=\"single-item\">\n\t\t<img fetchpriority=\"high\" decoding=\"async\" width=\"1707\" height=\"2560\" src=\"https:\/\/lucernepizza.dk\/wp-content\/uploads\/2025\/11\/new-spices-scaled.jpg\" class=\"attachment-full size-full wp-image-641\" alt=\"\" srcset=\"https:\/\/lucernepizza.dk\/wp-content\/uploads\/2025\/11\/new-spices-scaled.jpg 1707w, https:\/\/lucernepizza.dk\/wp-content\/uploads\/2025\/11\/new-spices-200x300.jpg 200w, https:\/\/lucernepizza.dk\/wp-content\/uploads\/2025\/11\/new-spices-683x1024.jpg 683w, https:\/\/lucernepizza.dk\/wp-content\/uploads\/2025\/11\/new-spices-768x1152.jpg 768w, https:\/\/lucernepizza.dk\/wp-content\/uploads\/2025\/11\/new-spices-1024x1536.jpg 1024w, https:\/\/lucernepizza.dk\/wp-content\/uploads\/2025\/11\/new-spices-1365x2048.jpg 1365w, https:\/\/lucernepizza.dk\/wp-content\/uploads\/2025\/11\/new-spices-300x450.jpg 300w, https:\/\/lucernepizza.dk\/wp-content\/uploads\/2025\/11\/new-spices-600x900.jpg 600w\" sizes=\"(max-width: 1707px) 100vw, 1707px\" \/>\t<\/div>\n<\/div>\t\t\t\t<\/div>\n\t\t\t\t<\/div>\n\t\t\t\t\t<\/div>\n\t\t\t\t<\/div>\n\t\t\t\t<\/div>\n\t\t","protected":false},"excerpt":{"rendered":"<p>Hos os er det nemt og ligetil at bestille st\u00f8rre m\u00e6ngder mad \u2013 uanset om det er til virksomheder, offentlige institutioner, kantiner, skoler, plejehjem eller arrangementer. Vi h\u00e5ndterer gerne b\u00e5de engangsbestillinger og faste leveringsaftaler, og vi tilpasser os jeres behov for: Faste ugentlige\/m\u00e5nedlige leveringer Specielle menuer eller di\u00e6ter (fx vegetar, glutenfri, halal) Levering p\u00e5 bestemte [&hellip;]<\/p>\n","protected":false},"author":2,"featured_media":0,"parent":0,"menu_order":0,"comment_status":"closed","ping_status":"closed","template":"","meta":{"footnotes":""},"class_list":["post-636","page","type-page","status-publish","hentry"],"_links":{"self":[{"href":"https:\/\/lucernepizza.dk\/en\/wp-json\/wp\/v2\/pages\/636","targetHints":{"allow":["GET"]}}],"collection":[{"href":"https:\/\/lucernepizza.dk\/en\/wp-json\/wp\/v2\/pages"}],"about":[{"href":"https:\/\/lucernepizza.dk\/en\/wp-json\/wp\/v2\/types\/page"}],"author":[{"embeddable":true,"href":"https:\/\/lucernepizza.dk\/en\/wp-json\/wp\/v2\/users\/2"}],"replies":[{"embeddable":true,"href":"https:\/\/lucernepizza.dk\/en\/wp-json\/wp\/v2\/comments?post=636"}],"version-history":[{"count":0,"href":"https:\/\/lucernepizza.dk\/en\/wp-json\/wp\/v2\/pages\/636\/revisions"}],"wp:attachment":[{"href":"https:\/\/lucernepizza.dk\/en\/wp-json\/wp\/v2\/media?parent=636"}],"curies":[{"name":"wp","href":"https:\/\/api.w.org\/{rel}","templated":true}]}}