{"id":919,"date":"2025-12-11T11:11:50","date_gmt":"2025-12-11T10:11:50","guid":{"rendered":"https:\/\/lucernepizza.dk\/?post_type=product&#038;p=919"},"modified":"2025-12-11T11:11:50","modified_gmt":"2025-12-11T10:11:50","slug":"aeg-pitabrod","status":"publish","type":"product","link":"https:\/\/lucernepizza.dk\/da\/vare\/aeg-pitabrod\/","title":{"rendered":"\u00c6g Pitabr\u00f8d"},"content":{"rendered":"<p>109. \u00c6g Pitabr\u00f8d<\/p>","protected":false},"excerpt":{"rendered":"<p>\u00c6g Pitabr\u00f8d<\/p>","protected":false},"featured_media":920,"comment_status":"open","ping_status":"closed","template":"","meta":[],"product_brand":[],"product_cat":[79],"product_tag":[168,167],"class_list":{"0":"post-919","1":"product","2":"type-product","3":"status-publish","4":"has-post-thumbnail","6":"product_cat-hjemmelavet-pitabrod","7":"product_tag-aeg","8":"product_tag-pitabrod","10":"first","11":"instock","12":"taxable","13":"shipping-taxable","14":"purchasable","15":"product-type-simple"},"_links":{"self":[{"href":"https:\/\/lucernepizza.dk\/da\/wp-json\/wp\/v2\/product\/919","targetHints":{"allow":["GET"]}}],"collection":[{"href":"https:\/\/lucernepizza.dk\/da\/wp-json\/wp\/v2\/product"}],"about":[{"href":"https:\/\/lucernepizza.dk\/da\/wp-json\/wp\/v2\/types\/product"}],"replies":[{"embeddable":true,"href":"https:\/\/lucernepizza.dk\/da\/wp-json\/wp\/v2\/comments?post=919"}],"wp:featuredmedia":[{"embeddable":true,"href":"https:\/\/lucernepizza.dk\/da\/wp-json\/wp\/v2\/media\/920"}],"wp:attachment":[{"href":"https:\/\/lucernepizza.dk\/da\/wp-json\/wp\/v2\/media?parent=919"}],"wp:term":[{"taxonomy":"product_brand","embeddable":true,"href":"https:\/\/lucernepizza.dk\/da\/wp-json\/wp\/v2\/product_brand?post=919"},{"taxonomy":"product_cat","embeddable":true,"href":"https:\/\/lucernepizza.dk\/da\/wp-json\/wp\/v2\/product_cat?post=919"},{"taxonomy":"product_tag","embeddable":true,"href":"https:\/\/lucernepizza.dk\/da\/wp-json\/wp\/v2\/product_tag?post=919"}],"curies":[{"name":"wp","href":"https:\/\/api.w.org\/{rel}","templated":true}]}}