{"id":407,"date":"2025-11-18T11:19:20","date_gmt":"2025-11-18T10:19:20","guid":{"rendered":"https:\/\/lucernepizza.dk\/?post_type=product&#038;p=407"},"modified":"2025-12-17T09:38:56","modified_gmt":"2025-12-17T08:38:56","slug":"durum-kodstrimler","status":"publish","type":"product","link":"https:\/\/lucernepizza.dk\/da\/vare\/durum-kodstrimler\/","title":{"rendered":"Durum"},"content":{"rendered":"<p>113.A\u00a0 Durum<\/p>","protected":false},"excerpt":{"rendered":"<p>K\u00f8dstrmiler eller Gr\u00e6sk B\u00f8f tomat, ost, salat og dressing<\/p>","protected":false},"featured_media":232,"comment_status":"open","ping_status":"closed","template":"","meta":[],"product_brand":[],"product_cat":[80],"product_tag":[81,46,28],"class_list":{"0":"post-407","1":"product","2":"type-product","3":"status-publish","4":"has-post-thumbnail","6":"product_cat-durum-ruller","7":"product_tag-durum","8":"product_tag-falafel","9":"product_tag-vegetarian-2","11":"first","12":"instock","13":"taxable","14":"shipping-taxable","15":"purchasable","16":"product-type-simple"},"_links":{"self":[{"href":"https:\/\/lucernepizza.dk\/da\/wp-json\/wp\/v2\/product\/407","targetHints":{"allow":["GET"]}}],"collection":[{"href":"https:\/\/lucernepizza.dk\/da\/wp-json\/wp\/v2\/product"}],"about":[{"href":"https:\/\/lucernepizza.dk\/da\/wp-json\/wp\/v2\/types\/product"}],"replies":[{"embeddable":true,"href":"https:\/\/lucernepizza.dk\/da\/wp-json\/wp\/v2\/comments?post=407"}],"wp:featuredmedia":[{"embeddable":true,"href":"https:\/\/lucernepizza.dk\/da\/wp-json\/wp\/v2\/media\/232"}],"wp:attachment":[{"href":"https:\/\/lucernepizza.dk\/da\/wp-json\/wp\/v2\/media?parent=407"}],"wp:term":[{"taxonomy":"product_brand","embeddable":true,"href":"https:\/\/lucernepizza.dk\/da\/wp-json\/wp\/v2\/product_brand?post=407"},{"taxonomy":"product_cat","embeddable":true,"href":"https:\/\/lucernepizza.dk\/da\/wp-json\/wp\/v2\/product_cat?post=407"},{"taxonomy":"product_tag","embeddable":true,"href":"https:\/\/lucernepizza.dk\/da\/wp-json\/wp\/v2\/product_tag?post=407"}],"curies":[{"name":"wp","href":"https:\/\/api.w.org\/{rel}","templated":true}]}}