{"id":317,"date":"2025-11-18T11:18:10","date_gmt":"2025-11-18T10:18:10","guid":{"rendered":"https:\/\/lucernepizza.dk\/?post_type=product&#038;p=317"},"modified":"2026-03-02T12:16:31","modified_gmt":"2026-03-02T11:16:31","slug":"aeg","status":"publish","type":"product","link":"https:\/\/lucernepizza.dk\/da\/vare\/aeg\/","title":{"rendered":"\u00c6g"},"content":{"rendered":"<p>31. \u00c6g<\/p>","protected":false},"excerpt":{"rendered":"<p>Med tomat, ost, \u00c6g, paprika, l\u00f8g, hvidl\u00f8g og chili<\/p>","protected":false},"featured_media":1330,"comment_status":"open","ping_status":"closed","template":"","meta":[],"product_brand":[],"product_cat":[17],"product_tag":[18,143],"class_list":{"0":"post-317","1":"product","2":"type-product","3":"status-publish","4":"has-post-thumbnail","6":"product_cat-italiensk-pizza","7":"product_tag-pizza","8":"product_tag-vegetariana","10":"first","11":"instock","12":"taxable","13":"shipping-taxable","14":"purchasable","15":"product-type-simple"},"_links":{"self":[{"href":"https:\/\/lucernepizza.dk\/da\/wp-json\/wp\/v2\/product\/317","targetHints":{"allow":["GET"]}}],"collection":[{"href":"https:\/\/lucernepizza.dk\/da\/wp-json\/wp\/v2\/product"}],"about":[{"href":"https:\/\/lucernepizza.dk\/da\/wp-json\/wp\/v2\/types\/product"}],"replies":[{"embeddable":true,"href":"https:\/\/lucernepizza.dk\/da\/wp-json\/wp\/v2\/comments?post=317"}],"wp:featuredmedia":[{"embeddable":true,"href":"https:\/\/lucernepizza.dk\/da\/wp-json\/wp\/v2\/media\/1330"}],"wp:attachment":[{"href":"https:\/\/lucernepizza.dk\/da\/wp-json\/wp\/v2\/media?parent=317"}],"wp:term":[{"taxonomy":"product_brand","embeddable":true,"href":"https:\/\/lucernepizza.dk\/da\/wp-json\/wp\/v2\/product_brand?post=317"},{"taxonomy":"product_cat","embeddable":true,"href":"https:\/\/lucernepizza.dk\/da\/wp-json\/wp\/v2\/product_cat?post=317"},{"taxonomy":"product_tag","embeddable":true,"href":"https:\/\/lucernepizza.dk\/da\/wp-json\/wp\/v2\/product_tag?post=317"}],"curies":[{"name":"wp","href":"https:\/\/api.w.org\/{rel}","templated":true}]}}