{"id":556,"date":"2025-11-18T19:05:55","date_gmt":"2025-11-18T18:05:55","guid":{"rendered":"https:\/\/lucernepizza.dk\/?page_id=556"},"modified":"2025-11-18T19:36:28","modified_gmt":"2025-11-18T18:36:28","slug":"kontakte","status":"publish","type":"page","link":"https:\/\/lucernepizza.dk\/da\/kontakte\/","title":{"rendered":"Kontakte"},"content":{"rendered":"<div data-elementor-type=\"wp-page\" data-elementor-id=\"556\" class=\"elementor elementor-556\" data-elementor-post-type=\"page\">\n\t\t\t\t<div class=\"elementor-element elementor-element-24e4905 e-flex e-con-boxed e-con e-parent\" data-id=\"24e4905\" data-element_type=\"container\" data-e-type=\"container\">\n\t\t\t\t\t<div class=\"e-con-inner\">\n\t\t<div class=\"elementor-element elementor-element-0f5369f e-con-full e-flex e-con e-child\" data-id=\"0f5369f\" data-element_type=\"container\" data-e-type=\"container\">\n\t\t\t\t<div class=\"elementor-element elementor-element-65af4e0 elementor-widget elementor-widget-text-editor\" data-id=\"65af4e0\" data-element_type=\"widget\" data-e-type=\"widget\" data-widget_type=\"text-editor.default\">\n\t\t\t\t\t\t\t\t\t<h2>Kontaktoplysninger<\/h2><p>Har du sp\u00f8rgsm\u00e5l til menuen, allergener, catering, st\u00f8rre bestillinger eller bare lyst til at sige hej?<br \/>Ring eller skriv til os \u2013 vi svarer altid hurtigt og med et smil \ud83d\ude0a<\/p><p><strong>\u00c5ben alle dage<\/strong><br \/><strong>Mandag \u2013 Fredag<\/strong>\u2003\u200316.00 \u2013 21.00<br \/><strong>L\u00f8rdag &amp; S\u00f8ndag<\/strong>\u2003\u200312.00 \u2013 21.00<\/p><p><strong>Udbringning (k\u00f8rsel 40,-)<\/strong><br \/><strong>Mandag \u2013 Fredag<\/strong>\u2003\u2003fra kl. 16.00<br \/><strong>L\u00f8rdag &amp; S\u00f8ndag<\/strong>\u2003\u2003fra kl. 12.00<\/p><ul class=\"contact-details\"><li>\ud83d\udccd <strong>Adresse:<\/strong> Lucernevej 58, 2610 R\u00f8dovre<\/li><li>\ud83d\udcde <strong>Telefon:<\/strong> <a href=\"tel:+4536703888\">36 70 38 88<\/a><\/li><li>\u2709\ufe0f <strong>E-mail:<\/strong> <a href=\"mailto:order@lucernepizza.dk\">order@lucernepizza.dk<\/a><\/li><\/ul><p>Vi ses p\u00e5 Lucerne \u2013 din lokale pizza- og indiske favorit i R\u00f8dovre!<br \/><strong>Namaste &amp; Velbekomme!<\/strong> \ud83c\udf55\ud83c\udf5b<\/p>\t\t\t\t\t\t\t\t<\/div>\n\t\t\t\t<\/div>\n\t\t<div class=\"elementor-element elementor-element-b8e7472 e-con-full e-flex e-con e-child\" data-id=\"b8e7472\" data-element_type=\"container\" data-e-type=\"container\">\n\t\t\t\t<div class=\"elementor-element elementor-element-64cdaa6 elementor-widget elementor-widget-google_maps\" data-id=\"64cdaa6\" data-element_type=\"widget\" data-e-type=\"widget\" data-widget_type=\"google_maps.default\">\n\t\t\t\t\t\t\t<div class=\"elementor-custom-embed\">\n\t\t\t<iframe loading=\"lazy\"\n\t\t\t\t\tsrc=\"https:\/\/maps.google.com\/maps?q=Lucerne%20Pizza%20%26%20Indisk%20Specialiteter%20denmark&#038;t=m&#038;z=15&#038;output=embed&#038;iwloc=near\"\n\t\t\t\t\ttitle=\"Lucerne Pizza &amp; Indisk Specialiteter denmark\"\n\t\t\t\t\taria-label=\"Lucerne Pizza &amp; Indisk Specialiteter denmark\"\n\t\t\t><\/iframe>\n\t\t<\/div>\n\t\t\t\t\t\t<\/div>\n\t\t\t\t<\/div>\n\t\t\t\t\t<\/div>\n\t\t\t\t<\/div>\n\t\t\t\t<\/div>","protected":false},"excerpt":{"rendered":"<p>Kontaktoplysninger Har du sp\u00f8rgsm\u00e5l til menuen, allergener, catering, st\u00f8rre bestillinger eller bare lyst til at sige hej?Ring eller skriv til os \u2013 vi svarer altid hurtigt og med et smil \ud83d\ude0a \u00c5ben alle dageMandag \u2013 Fredag\u2003\u200316.00 \u2013 21.00L\u00f8rdag &amp; S\u00f8ndag\u2003\u200312.00 \u2013 21.00 Udbringning (k\u00f8rsel 40,-)Mandag \u2013 Fredag\u2003\u2003fra kl. 16.00L\u00f8rdag &amp; S\u00f8ndag\u2003\u2003fra kl. 12.00 \ud83d\udccd Adresse: [&hellip;]<\/p>\n","protected":false},"author":1,"featured_media":0,"parent":0,"menu_order":0,"comment_status":"closed","ping_status":"closed","template":"","meta":{"footnotes":""},"class_list":["post-556","page","type-page","status-publish","hentry"],"_links":{"self":[{"href":"https:\/\/lucernepizza.dk\/da\/wp-json\/wp\/v2\/pages\/556","targetHints":{"allow":["GET"]}}],"collection":[{"href":"https:\/\/lucernepizza.dk\/da\/wp-json\/wp\/v2\/pages"}],"about":[{"href":"https:\/\/lucernepizza.dk\/da\/wp-json\/wp\/v2\/types\/page"}],"author":[{"embeddable":true,"href":"https:\/\/lucernepizza.dk\/da\/wp-json\/wp\/v2\/users\/1"}],"replies":[{"embeddable":true,"href":"https:\/\/lucernepizza.dk\/da\/wp-json\/wp\/v2\/comments?post=556"}],"version-history":[{"count":0,"href":"https:\/\/lucernepizza.dk\/da\/wp-json\/wp\/v2\/pages\/556\/revisions"}],"wp:attachment":[{"href":"https:\/\/lucernepizza.dk\/da\/wp-json\/wp\/v2\/media?parent=556"}],"curies":[{"name":"wp","href":"https:\/\/api.w.org\/{rel}","templated":true}]}}